{"id":1040,"date":"2021-10-05T00:08:52","date_gmt":"2021-10-05T00:08:52","guid":{"rendered":"https:\/\/villegasyvillegas.com.mx\/?page_id=1040"},"modified":"2022-09-01T17:03:15","modified_gmt":"2022-09-01T17:03:15","slug":"servicios","status":"publish","type":"page","link":"http:\/\/villegasyvillegas.com.mx\/en\/servicios\/","title":{"rendered":"Services"},"content":{"rendered":"<div data-elementor-type=\"wp-page\" data-elementor-id=\"1040\" class=\"elementor elementor-1040\" data-elementor-settings=\"[]\">\n\t\t\t\t\t\t<div class=\"elementor-inner\">\n\t\t\t\t\t\t\t<div class=\"elementor-section-wrap\">\n\t\t\t\t\t\t\t<section class=\"elementor-section elementor-top-section elementor-element elementor-element-f4b317a elementor-section-boxed elementor-section-height-default elementor-section-height-default\" data-id=\"f4b317a\" data-element_type=\"section\" data-settings=\"{&quot;background_background&quot;:&quot;classic&quot;}\">\n\t\t\t\t\t\t<div class=\"elementor-container elementor-column-gap-default\">\n\t\t\t\t\t\t\t<div class=\"elementor-row\">\n\t\t\t\t\t<div class=\"elementor-column elementor-col-100 elementor-top-column elementor-element elementor-element-487f7f5\" data-id=\"487f7f5\" data-element_type=\"column\">\n\t\t\t<div class=\"elementor-column-wrap elementor-element-populated\">\n\t\t\t\t\t\t\t<div class=\"elementor-widget-wrap\">\n\t\t\t\t\t\t<div class=\"elementor-element elementor-element-f5f5d00 elementor-widget elementor-widget-heading\" data-id=\"f5f5d00\" data-element_type=\"widget\" data-widget_type=\"heading.default\">\n\t\t\t\t<div class=\"elementor-widget-container\">\n\t\t\t<h2 class=\"elementor-heading-title elementor-size-default\">Our Services<\/h2>\t\t<\/div>\n\t\t\t\t<\/div>\n\t\t\t\t<div class=\"elementor-element elementor-element-1ab6ebc elementor-widget elementor-widget-text-editor\" data-id=\"1ab6ebc\" data-element_type=\"widget\" data-widget_type=\"text-editor.default\">\n\t\t\t\t<div class=\"elementor-widget-container\">\n\t\t\t\t\t\t\t\t<div class=\"elementor-text-editor elementor-clearfix\">\n\t\t\t\t<h4 style=\"clear: both; font-weight: 500; margin: 10px 0px; color: #333333; font-size: 18px; line-height: 1.1; letter-spacing: normal; text-align: start; background-color: #fafafa;\">Audit of Financial Statements<\/h4><p style=\"margin-bottom: 10px; line-height: 1.5em; color: #333333; font-size: 14px; letter-spacing: normal; text-align: start; background-color: #fafafa;\">Our audit services provide an external and independent point of view about accounting, administrative and operational practices, providing you with an opinion accompanied by the risks involved in the business, promoting the transparency of accounting records and providing the tools and information necessary for the decision making.<\/p><p style=\"margin-bottom: 10px; line-height: 1.5em; color: #333333; font-size: 14px; letter-spacing: normal; text-align: start; background-color: #fafafa;\">Our financial auditing services have an integrated approach to the entire global cycle of companies, seeking the greatest adherence to Generally Accepted Auditing Standards, and following the accounting regulations applied by the company.<\/p><p style=\"margin-bottom: 10px; line-height: 1.5em; color: #333333; font-size: 14px; letter-spacing: normal; text-align: start; background-color: #fafafa;\"><span style=\"font-weight: bold;\">The scope of our audit services includes:<\/span><\/p><ul style=\"margin-bottom: 10px; margin-left: 20px; color: #333333; font-size: 14px; letter-spacing: normal; text-align: start; background-color: #fafafa;\"><li>Audit of Financial Statements<\/li><li>tax audit<\/li><li>Internal audit<\/li><\/ul><h4 style=\"clear: both; font-weight: 500; margin: 10px 0px; color: #333333; font-size: 18px; line-height: 1.1; letter-spacing: normal; text-align: start; background-color: #fafafa;\">Fiscal Services<\/h4><p style=\"margin-bottom: 10px; line-height: 1.5em; color: #333333; font-size: 14px; letter-spacing: normal; text-align: start; background-color: #fafafa;\">Our Tax Advisory team is in charge of developing and implementing personalized solutions according to the needs of each client, be it for national or foreign taxpayers with operations inside and outside of Mexico.<\/p><p style=\"margin-bottom: 10px; line-height: 1.5em; color: #333333; font-size: 14px; letter-spacing: normal; text-align: start; background-color: #fafafa;\">Our tax advisory services cover all companies within the different market of sectors that are formally constituted and registered before the tax authority, to demonstrate full transparency in their operations, through comprehensive advice for the fulfillment of their tax obligations, ensuring an optimal fiscal situation.<\/p><p style=\"margin-bottom: 10px; line-height: 1.5em; color: #333333; font-size: 14px; letter-spacing: normal; text-align: start; background-color: #fafafa;\">-\u00a0<span style=\"font-weight: bold;\">Specialized tax services are grouped into the following functional areas\u00a0<\/span>:<\/p><ul style=\"margin-bottom: 10px; margin-left: 20px; color: #333333; font-size: 14px; letter-spacing: normal; text-align: start; background-color: #fafafa;\"><li>Corporate and personal tax<\/li><li>Social Security fees and other labor obligations<\/li><li>Local contributions<\/li><li>National and international compliance<\/li><li>Transfer pricing and international tax planning<\/li><\/ul><h4 style=\"clear: both; font-weight: 500; margin: 10px 0px; color: #333333; font-size: 18px; line-height: 1.1; letter-spacing: normal; text-align: start; background-color: #fafafa;\">Accounting<\/h4><p style=\"margin-bottom: 10px; line-height: 1.5em; color: #333333; font-size: 14px; letter-spacing: normal; text-align: start; background-color: #fafafa;\">Our accounting services are based on offering businesses the correct registration of their operations for the issuance of financial statements and meeting various needs. Derived from this, our accounting services specialize in the following:<\/p><ul style=\"margin-bottom: 10px; margin-left: 20px; color: #333333; font-size: 14px; letter-spacing: normal; text-align: start; background-color: #fafafa;\"><li>Journal record in a high level accounting system<\/li><li>Issuance of financial statements according to business needs<\/li><li>Analysis and interpretation of operations, as well as reviews within the business operating cycle to ensure the correct accounting classification in its systems.<\/li><\/ul><div><h4 style=\"clear: both; font-weight: 500; margin: 10px 0px; color: #333333; font-size: 18px; line-height: 1.1; letter-spacing: normal; text-align: start; background-color: #fafafa;\">BackOffice<\/h4><p class=\"p1\">Our BackOffice team has the task of attending the administrative needs of our clients. We seek to improve the internal management of organizations by focusing on the following:\u00a0<\/p><\/div><ul><li class=\"li1\">Billing: Keeping up to date and adhering to the rules established by the SAT.<\/li><li class=\"li1\">Management of digital bank accounts: Management of tokens to make payments to suppliers more efficient.<\/li><li class=\"li1\">Management of documents such as: worker\u00b4s information, legal documents, company information, etc.<\/li><li class=\"li1\">Contact with suppliers: We are committed to maintaining a professional relationship and will give priority to any new requirements that may be requested.<span class=\"Apple-converted-space\">\u00a0<\/span><\/li><li class=\"li1\">Continuous task improvement: We seek not only to meet the indicated goals but also to make the daily activities of organizations more efficient.<span class=\"Apple-converted-space\">\u00a0<\/span><\/li><li class=\"li1\">Requesting of formal documents: Managing the diverse information of the company allows us to take care when it is required to carry out a formal document requested by a client, supplier, or the government.<\/li><\/ul>\t\t\t\t\t<\/div>\n\t\t\t\t\t\t<\/div>\n\t\t\t\t<\/div>\n\t\t\t\t\t\t<\/div>\n\t\t\t\t\t<\/div>\n\t\t<\/div>\n\t\t\t\t\t\t\t\t<\/div>\n\t\t\t\t\t<\/div>\n\t\t<\/section>\n\t\t\t\t\t\t<\/div>\n\t\t\t\t\t\t<\/div>\n\t\t\t\t\t<\/div>","protected":false},"excerpt":{"rendered":"<p>Nuestros Servicios Auditor\u00eda de Estados Financieros Nuestros servicios de auditor\u00eda proporcionan un punto de vista externo e independiente acerca de las pr\u00e1cticas contables, administrativas y operativas, proporcion\u00e1ndole un dictamen acompa\u00f1ado de los riesgos implicados del negocio, que promuevan la transparencia de los registros contables y proporcionando las herramientas e informaci\u00f3n necesarias para la toma de [&hellip;]<\/p>","protected":false},"author":2,"featured_media":0,"parent":0,"menu_order":0,"comment_status":"closed","ping_status":"closed","template":"elementor_header_footer","meta":{"spay_email":""},"yoast_head":"<!-- This site is optimized with the Yoast SEO plugin v17.4 - https:\/\/yoast.com\/wordpress\/plugins\/seo\/ -->\n<title>Servicios - Villegas &amp; Villegas<\/title>\n<meta name=\"robots\" content=\"index, follow, max-snippet:-1, max-image-preview:large, max-video-preview:-1\" \/>\n<link rel=\"canonical\" href=\"http:\/\/villegasyvillegas.com.mx\/en\/servicios\/\" \/>\n<meta property=\"og:locale\" content=\"en_US\" \/>\n<meta property=\"og:type\" content=\"article\" \/>\n<meta property=\"og:title\" content=\"Servicios - Villegas &amp; Villegas\" \/>\n<meta property=\"og:description\" content=\"Nuestros Servicios Auditor\u00eda de Estados Financieros Nuestros servicios de auditor\u00eda proporcionan un punto de vista externo e independiente acerca de las pr\u00e1cticas contables, administrativas y operativas, proporcion\u00e1ndole un dictamen acompa\u00f1ado de los riesgos implicados del negocio, que promuevan la transparencia de los registros contables y proporcionando las herramientas e informaci\u00f3n necesarias para la toma de [&hellip;]\" \/>\n<meta property=\"og:url\" content=\"http:\/\/villegasyvillegas.com.mx\/en\/servicios\/\" \/>\n<meta property=\"og:site_name\" content=\"Villegas &amp; Villegas\" \/>\n<meta property=\"article:modified_time\" content=\"2022-09-01T17:03:15+00:00\" \/>\n<meta name=\"twitter:card\" content=\"summary_large_image\" \/>\n<meta name=\"twitter:label1\" content=\"Est. reading time\" \/>\n\t<meta name=\"twitter:data1\" content=\"3 minutes\" \/>\n<script type=\"application\/ld+json\" class=\"yoast-schema-graph\">{\"@context\":\"https:\/\/schema.org\",\"@graph\":[{\"@type\":\"WebSite\",\"@id\":\"http:\/\/villegasyvillegas.com.mx\/es_mx\/#website\",\"url\":\"http:\/\/villegasyvillegas.com.mx\/es_mx\/\",\"name\":\"Villegas &amp; Villegas\",\"description\":\"Villegas &amp; Villegas\",\"potentialAction\":[{\"@type\":\"SearchAction\",\"target\":{\"@type\":\"EntryPoint\",\"urlTemplate\":\"http:\/\/villegasyvillegas.com.mx\/es_mx\/?s={search_term_string}\"},\"query-input\":\"required name=search_term_string\"}],\"inLanguage\":\"en-US\"},{\"@type\":\"WebPage\",\"@id\":\"http:\/\/villegasyvillegas.com.mx\/en\/servicios\/#webpage\",\"url\":\"http:\/\/villegasyvillegas.com.mx\/en\/servicios\/\",\"name\":\"Servicios - Villegas &amp; Villegas\",\"isPartOf\":{\"@id\":\"http:\/\/villegasyvillegas.com.mx\/es_mx\/#website\"},\"datePublished\":\"2021-10-05T00:08:52+00:00\",\"dateModified\":\"2022-09-01T17:03:15+00:00\",\"breadcrumb\":{\"@id\":\"http:\/\/villegasyvillegas.com.mx\/en\/servicios\/#breadcrumb\"},\"inLanguage\":\"en-US\",\"potentialAction\":[{\"@type\":\"ReadAction\",\"target\":[\"http:\/\/villegasyvillegas.com.mx\/en\/servicios\/\"]}]},{\"@type\":\"BreadcrumbList\",\"@id\":\"http:\/\/villegasyvillegas.com.mx\/en\/servicios\/#breadcrumb\",\"itemListElement\":[{\"@type\":\"ListItem\",\"position\":1,\"name\":\"Home\",\"item\":\"http:\/\/villegasyvillegas.com.mx\/es_mx\/\"},{\"@type\":\"ListItem\",\"position\":2,\"name\":\"Servicios\"}]}]}<\/script>\n<!-- \/ Yoast SEO plugin. -->","yoast_head_json":{"title":"Servicios - Villegas &amp; Villegas","robots":{"index":"index","follow":"follow","max-snippet":"max-snippet:-1","max-image-preview":"max-image-preview:large","max-video-preview":"max-video-preview:-1"},"canonical":"http:\/\/villegasyvillegas.com.mx\/en\/servicios\/","og_locale":"en_US","og_type":"article","og_title":"Servicios - Villegas &amp; Villegas","og_description":"Nuestros Servicios Auditor\u00eda de Estados Financieros Nuestros servicios de auditor\u00eda proporcionan un punto de vista externo e independiente acerca de las pr\u00e1cticas contables, administrativas y operativas, proporcion\u00e1ndole un dictamen acompa\u00f1ado de los riesgos implicados del negocio, que promuevan la transparencia de los registros contables y proporcionando las herramientas e informaci\u00f3n necesarias para la toma de [&hellip;]","og_url":"http:\/\/villegasyvillegas.com.mx\/en\/servicios\/","og_site_name":"Villegas &amp; Villegas","article_modified_time":"2022-09-01T17:03:15+00:00","twitter_card":"summary_large_image","twitter_misc":{"Est. reading time":"3 minutes"},"schema":{"@context":"https:\/\/schema.org","@graph":[{"@type":"WebSite","@id":"http:\/\/villegasyvillegas.com.mx\/es_mx\/#website","url":"http:\/\/villegasyvillegas.com.mx\/es_mx\/","name":"Villegas &amp; Villegas","description":"Villegas &amp; Villegas","potentialAction":[{"@type":"SearchAction","target":{"@type":"EntryPoint","urlTemplate":"http:\/\/villegasyvillegas.com.mx\/es_mx\/?s={search_term_string}"},"query-input":"required name=search_term_string"}],"inLanguage":"en-US"},{"@type":"WebPage","@id":"http:\/\/villegasyvillegas.com.mx\/en\/servicios\/#webpage","url":"http:\/\/villegasyvillegas.com.mx\/en\/servicios\/","name":"Servicios - Villegas &amp; Villegas","isPartOf":{"@id":"http:\/\/villegasyvillegas.com.mx\/es_mx\/#website"},"datePublished":"2021-10-05T00:08:52+00:00","dateModified":"2022-09-01T17:03:15+00:00","breadcrumb":{"@id":"http:\/\/villegasyvillegas.com.mx\/en\/servicios\/#breadcrumb"},"inLanguage":"en-US","potentialAction":[{"@type":"ReadAction","target":["http:\/\/villegasyvillegas.com.mx\/en\/servicios\/"]}]},{"@type":"BreadcrumbList","@id":"http:\/\/villegasyvillegas.com.mx\/en\/servicios\/#breadcrumb","itemListElement":[{"@type":"ListItem","position":1,"name":"Home","item":"http:\/\/villegasyvillegas.com.mx\/es_mx\/"},{"@type":"ListItem","position":2,"name":"Servicios"}]}]}},"_links":{"self":[{"href":"http:\/\/villegasyvillegas.com.mx\/en\/wp-json\/wp\/v2\/pages\/1040"}],"collection":[{"href":"http:\/\/villegasyvillegas.com.mx\/en\/wp-json\/wp\/v2\/pages"}],"about":[{"href":"http:\/\/villegasyvillegas.com.mx\/en\/wp-json\/wp\/v2\/types\/page"}],"author":[{"embeddable":true,"href":"http:\/\/villegasyvillegas.com.mx\/en\/wp-json\/wp\/v2\/users\/2"}],"replies":[{"embeddable":true,"href":"http:\/\/villegasyvillegas.com.mx\/en\/wp-json\/wp\/v2\/comments?post=1040"}],"version-history":[{"count":10,"href":"http:\/\/villegasyvillegas.com.mx\/en\/wp-json\/wp\/v2\/pages\/1040\/revisions"}],"predecessor-version":[{"id":1172,"href":"http:\/\/villegasyvillegas.com.mx\/en\/wp-json\/wp\/v2\/pages\/1040\/revisions\/1172"}],"wp:attachment":[{"href":"http:\/\/villegasyvillegas.com.mx\/en\/wp-json\/wp\/v2\/media?parent=1040"}],"curies":[{"name":"wp","href":"https:\/\/api.w.org\/{rel}","templated":true}]}}