{"id":1058,"date":"2021-10-05T14:57:10","date_gmt":"2021-10-05T14:57:10","guid":{"rendered":"http:\/\/villegasyvillegas.com.mx\/?page_id=1058"},"modified":"2022-11-04T21:10:25","modified_gmt":"2022-11-04T21:10:25","slug":"equipo","status":"publish","type":"page","link":"http:\/\/villegasyvillegas.com.mx\/en\/equipo\/","title":{"rendered":"Team"},"content":{"rendered":"<div data-elementor-type=\"wp-page\" data-elementor-id=\"1058\" class=\"elementor elementor-1058\" data-elementor-settings=\"[]\">\n\t\t\t\t\t\t<div class=\"elementor-inner\">\n\t\t\t\t\t\t\t<div class=\"elementor-section-wrap\">\n\t\t\t\t\t\t\t<section class=\"elementor-section elementor-top-section elementor-element elementor-element-f9c5660 elementor-section-boxed elementor-section-height-default elementor-section-height-default\" data-id=\"f9c5660\" data-element_type=\"section\" data-settings=\"{&quot;background_background&quot;:&quot;classic&quot;}\">\n\t\t\t\t\t\t<div class=\"elementor-container elementor-column-gap-default\">\n\t\t\t\t\t\t\t<div class=\"elementor-row\">\n\t\t\t\t\t<div class=\"elementor-column elementor-col-100 elementor-top-column elementor-element elementor-element-3ac1581\" data-id=\"3ac1581\" data-element_type=\"column\">\n\t\t\t<div class=\"elementor-column-wrap elementor-element-populated\">\n\t\t\t\t\t\t\t<div class=\"elementor-widget-wrap\">\n\t\t\t\t\t\t<div class=\"elementor-element elementor-element-052c898 elementor-widget elementor-widget-heading\" data-id=\"052c898\" data-element_type=\"widget\" data-widget_type=\"heading.default\">\n\t\t\t\t<div class=\"elementor-widget-container\">\n\t\t\t<h2 class=\"elementor-heading-title elementor-size-default\">Our Team<\/h2>\t\t<\/div>\n\t\t\t\t<\/div>\n\t\t\t\t<div class=\"elementor-element elementor-element-ef05e88 elementor-widget elementor-widget-text-editor\" data-id=\"ef05e88\" data-element_type=\"widget\" data-widget_type=\"text-editor.default\">\n\t\t\t\t<div class=\"elementor-widget-container\">\n\t\t\t\t\t\t\t\t<div class=\"elementor-text-editor elementor-clearfix\">\n\t\t\t\t<p>At Villegas &amp; Villegas we seek the best professional development for our people, while ensuring an environment of responsibility and ethics, which contributes to providing the best service for our clients.\u00a0\u00a0<\/p>\t\t\t\t\t<\/div>\n\t\t\t\t\t\t<\/div>\n\t\t\t\t<\/div>\n\t\t\t\t<section class=\"elementor-section elementor-inner-section elementor-element elementor-element-8e2da95 elementor-section-boxed elementor-section-height-default elementor-section-height-default\" data-id=\"8e2da95\" data-element_type=\"section\">\n\t\t\t\t\t\t<div class=\"elementor-container elementor-column-gap-default\">\n\t\t\t\t\t\t\t<div class=\"elementor-row\">\n\t\t\t\t\t<div class=\"elementor-column elementor-col-50 elementor-inner-column elementor-element elementor-element-0ba118d\" data-id=\"0ba118d\" data-element_type=\"column\">\n\t\t\t<div class=\"elementor-column-wrap elementor-element-populated\">\n\t\t\t\t\t\t\t<div class=\"elementor-widget-wrap\">\n\t\t\t\t\t\t<div class=\"elementor-element elementor-element-5b7023f elementor-widget elementor-widget-heading\" data-id=\"5b7023f\" data-element_type=\"widget\" data-widget_type=\"heading.default\">\n\t\t\t\t<div class=\"elementor-widget-container\">\n\t\t\t<h2 class=\"elementor-heading-title elementor-size-default\">Guillermo Villegas de la Vega<\/h2>\t\t<\/div>\n\t\t\t\t<\/div>\n\t\t\t\t<div class=\"elementor-element elementor-element-f579d8d elementor-widget elementor-widget-image\" data-id=\"f579d8d\" data-element_type=\"widget\" data-widget_type=\"image.default\">\n\t\t\t\t<div class=\"elementor-widget-container\">\n\t\t\t\t\t\t\t\t<div class=\"elementor-image\">\n\t\t\t\t\t\t\t\t\t\t\t\t<img width=\"570\" height=\"572\" src=\"http:\/\/villegasyvillegas.com.mx\/wp-content\/uploads\/2020\/06\/Guillermo-Villegas-de-la-Vega-.jpg\" class=\"attachment-full size-full\" alt=\"\" loading=\"lazy\" srcset=\"http:\/\/villegasyvillegas.com.mx\/wp-content\/uploads\/2020\/06\/Guillermo-Villegas-de-la-Vega-.jpg 570w, http:\/\/villegasyvillegas.com.mx\/wp-content\/uploads\/2020\/06\/Guillermo-Villegas-de-la-Vega--300x300.jpg 300w, http:\/\/villegasyvillegas.com.mx\/wp-content\/uploads\/2020\/06\/Guillermo-Villegas-de-la-Vega--150x150.jpg 150w, http:\/\/villegasyvillegas.com.mx\/wp-content\/uploads\/2020\/06\/Guillermo-Villegas-de-la-Vega--185x186.jpg 185w\" sizes=\"(max-width: 570px) 100vw, 570px\" \/>\t\t\t\t\t\t\t\t\t\t\t\t\t\t<\/div>\n\t\t\t\t\t\t<\/div>\n\t\t\t\t<\/div>\n\t\t\t\t<div class=\"elementor-element elementor-element-ef6a380 elementor-widget elementor-widget-text-editor\" data-id=\"ef6a380\" data-element_type=\"widget\" data-widget_type=\"text-editor.default\">\n\t\t\t\t<div class=\"elementor-widget-container\">\n\t\t\t\t\t\t\t\t<div class=\"elementor-text-editor elementor-clearfix\">\n\t\t\t\t<p>Certified Public Accountant graduated from the Tecnol\u00f3gico de Monterrey, with 40 years of experience leading the continuous improvement inside the firm. He is specialized in tax and financial consulting supporting the businesses in the implementation of measures that contribute to the ultimate development of the organizations. He enjoys motorcycle riding on the weekends.<\/p>\t\t\t\t\t<\/div>\n\t\t\t\t\t\t<\/div>\n\t\t\t\t<\/div>\n\t\t\t\t\t\t<\/div>\n\t\t\t\t\t<\/div>\n\t\t<\/div>\n\t\t\t\t<div class=\"elementor-column elementor-col-50 elementor-inner-column elementor-element elementor-element-95258a2\" data-id=\"95258a2\" data-element_type=\"column\">\n\t\t\t<div class=\"elementor-column-wrap elementor-element-populated\">\n\t\t\t\t\t\t\t<div class=\"elementor-widget-wrap\">\n\t\t\t\t\t\t<div class=\"elementor-element elementor-element-0144c41 elementor-widget elementor-widget-heading\" data-id=\"0144c41\" data-element_type=\"widget\" data-widget_type=\"heading.default\">\n\t\t\t\t<div class=\"elementor-widget-container\">\n\t\t\t<h2 class=\"elementor-heading-title elementor-size-default\">Guillermo Villegas Akena<\/h2>\t\t<\/div>\n\t\t\t\t<\/div>\n\t\t\t\t<div class=\"elementor-element elementor-element-600ac31 elementor-widget elementor-widget-image\" data-id=\"600ac31\" data-element_type=\"widget\" data-widget_type=\"image.default\">\n\t\t\t\t<div class=\"elementor-widget-container\">\n\t\t\t\t\t\t\t\t<div class=\"elementor-image\">\n\t\t\t\t\t\t\t\t\t\t\t\t<img width=\"570\" height=\"572\" src=\"http:\/\/villegasyvillegas.com.mx\/wp-content\/uploads\/2020\/06\/Guillermo-Villegas-Akena-.jpg\" class=\"attachment-full size-full\" alt=\"\" loading=\"lazy\" srcset=\"http:\/\/villegasyvillegas.com.mx\/wp-content\/uploads\/2020\/06\/Guillermo-Villegas-Akena-.jpg 570w, http:\/\/villegasyvillegas.com.mx\/wp-content\/uploads\/2020\/06\/Guillermo-Villegas-Akena--300x300.jpg 300w, http:\/\/villegasyvillegas.com.mx\/wp-content\/uploads\/2020\/06\/Guillermo-Villegas-Akena--150x150.jpg 150w, http:\/\/villegasyvillegas.com.mx\/wp-content\/uploads\/2020\/06\/Guillermo-Villegas-Akena--185x186.jpg 185w\" sizes=\"(max-width: 570px) 100vw, 570px\" \/>\t\t\t\t\t\t\t\t\t\t\t\t\t\t<\/div>\n\t\t\t\t\t\t<\/div>\n\t\t\t\t<\/div>\n\t\t\t\t<div class=\"elementor-element elementor-element-ea000c0 elementor-widget elementor-widget-text-editor\" data-id=\"ea000c0\" data-element_type=\"widget\" data-widget_type=\"text-editor.default\">\n\t\t\t\t<div class=\"elementor-widget-container\">\n\t\t\t\t\t\t\t\t<div class=\"elementor-text-editor elementor-clearfix\">\n\t\t\t\t<p>Socio. Contador P\u00fablico Certificado, egresado del Tecnol\u00f3gico de Monterrey con Maestr\u00eda en Estrategias Fiscales del Instituto de Contadores P\u00fablico de Nuevo Le\u00f3n, ingres\u00f3 a la firma en 2013 y se ha especializado en las operaciones trasnacionales, integrando a los procesos establecidos en la firma, los diversos conceptos necesarios para ampliar el alcance de nuestros servicios. Ama la m\u00fasica y el basketball.<\/p>\t\t\t\t\t<\/div>\n\t\t\t\t\t\t<\/div>\n\t\t\t\t<\/div>\n\t\t\t\t\t\t<\/div>\n\t\t\t\t\t<\/div>\n\t\t<\/div>\n\t\t\t\t\t\t\t\t<\/div>\n\t\t\t\t\t<\/div>\n\t\t<\/section>\n\t\t\t\t\t\t<\/div>\n\t\t\t\t\t<\/div>\n\t\t<\/div>\n\t\t\t\t\t\t\t\t<\/div>\n\t\t\t\t\t<\/div>\n\t\t<\/section>\n\t\t\t\t\t\t<\/div>\n\t\t\t\t\t\t<\/div>\n\t\t\t\t\t<\/div>","protected":false},"excerpt":{"rendered":"<p>Nuestro Equipo En Villegas &amp; Villegas buscamos el mejor desarrollo profesional de nuestra gente, mientras aseguramos un ambiente de responsabilidad y \u00e9tica, lo cual contribuye a brindar el mejor servicio para nuestros clientes\u00a0\u00a0 Guillermo Villegas de la Vega Socio. Contador P\u00fablico Certificado Egresado del Tecnol\u00f3gico de Monterrey, cuenta con 40 a\u00f1os de experiencia liderando la [&hellip;]<\/p>","protected":false},"author":2,"featured_media":0,"parent":0,"menu_order":0,"comment_status":"closed","ping_status":"closed","template":"elementor_header_footer","meta":{"spay_email":""},"yoast_head":"<!-- This site is optimized with the Yoast SEO plugin v17.4 - https:\/\/yoast.com\/wordpress\/plugins\/seo\/ -->\n<title>Equipo - Villegas &amp; Villegas<\/title>\n<meta name=\"robots\" content=\"index, follow, max-snippet:-1, max-image-preview:large, max-video-preview:-1\" \/>\n<link rel=\"canonical\" href=\"http:\/\/villegasyvillegas.com.mx\/en\/equipo\/\" \/>\n<meta property=\"og:locale\" content=\"en_US\" \/>\n<meta property=\"og:type\" content=\"article\" \/>\n<meta property=\"og:title\" content=\"Equipo - Villegas &amp; Villegas\" \/>\n<meta property=\"og:description\" content=\"Nuestro Equipo En Villegas &amp; Villegas buscamos el mejor desarrollo profesional de nuestra gente, mientras aseguramos un ambiente de responsabilidad y \u00e9tica, lo cual contribuye a brindar el mejor servicio para nuestros clientes\u00a0\u00a0 Guillermo Villegas de la Vega Socio. Contador P\u00fablico Certificado Egresado del Tecnol\u00f3gico de Monterrey, cuenta con 40 a\u00f1os de experiencia liderando la [&hellip;]\" \/>\n<meta property=\"og:url\" content=\"http:\/\/villegasyvillegas.com.mx\/en\/equipo\/\" \/>\n<meta property=\"og:site_name\" content=\"Villegas &amp; Villegas\" \/>\n<meta property=\"article:modified_time\" content=\"2022-11-04T21:10:25+00:00\" \/>\n<meta property=\"og:image\" content=\"http:\/\/villegasyvillegas.com.mx\/wp-content\/uploads\/2020\/06\/Guillermo-Villegas-de-la-Vega-.jpg\" \/>\n<meta name=\"twitter:card\" content=\"summary_large_image\" \/>\n<meta name=\"twitter:label1\" content=\"Est. reading time\" \/>\n\t<meta name=\"twitter:data1\" content=\"2 minutes\" \/>\n<script type=\"application\/ld+json\" class=\"yoast-schema-graph\">{\"@context\":\"https:\/\/schema.org\",\"@graph\":[{\"@type\":\"WebSite\",\"@id\":\"http:\/\/villegasyvillegas.com.mx\/es_mx\/#website\",\"url\":\"http:\/\/villegasyvillegas.com.mx\/es_mx\/\",\"name\":\"Villegas &amp; Villegas\",\"description\":\"Villegas &amp; Villegas\",\"potentialAction\":[{\"@type\":\"SearchAction\",\"target\":{\"@type\":\"EntryPoint\",\"urlTemplate\":\"http:\/\/villegasyvillegas.com.mx\/es_mx\/?s={search_term_string}\"},\"query-input\":\"required name=search_term_string\"}],\"inLanguage\":\"en-US\"},{\"@type\":\"ImageObject\",\"@id\":\"http:\/\/villegasyvillegas.com.mx\/en\/equipo\/#primaryimage\",\"inLanguage\":\"en-US\",\"url\":\"http:\/\/villegasyvillegas.com.mx\/wp-content\/uploads\/2020\/06\/Guillermo-Villegas-de-la-Vega-.jpg\",\"contentUrl\":\"http:\/\/villegasyvillegas.com.mx\/wp-content\/uploads\/2020\/06\/Guillermo-Villegas-de-la-Vega-.jpg\",\"width\":570,\"height\":572},{\"@type\":\"WebPage\",\"@id\":\"http:\/\/villegasyvillegas.com.mx\/en\/equipo\/#webpage\",\"url\":\"http:\/\/villegasyvillegas.com.mx\/en\/equipo\/\",\"name\":\"Equipo - Villegas &amp; Villegas\",\"isPartOf\":{\"@id\":\"http:\/\/villegasyvillegas.com.mx\/es_mx\/#website\"},\"primaryImageOfPage\":{\"@id\":\"http:\/\/villegasyvillegas.com.mx\/en\/equipo\/#primaryimage\"},\"datePublished\":\"2021-10-05T14:57:10+00:00\",\"dateModified\":\"2022-11-04T21:10:25+00:00\",\"breadcrumb\":{\"@id\":\"http:\/\/villegasyvillegas.com.mx\/en\/equipo\/#breadcrumb\"},\"inLanguage\":\"en-US\",\"potentialAction\":[{\"@type\":\"ReadAction\",\"target\":[\"http:\/\/villegasyvillegas.com.mx\/en\/equipo\/\"]}]},{\"@type\":\"BreadcrumbList\",\"@id\":\"http:\/\/villegasyvillegas.com.mx\/en\/equipo\/#breadcrumb\",\"itemListElement\":[{\"@type\":\"ListItem\",\"position\":1,\"name\":\"Home\",\"item\":\"http:\/\/villegasyvillegas.com.mx\/es_mx\/\"},{\"@type\":\"ListItem\",\"position\":2,\"name\":\"Equipo\"}]}]}<\/script>\n<!-- \/ Yoast SEO plugin. -->","yoast_head_json":{"title":"Equipo - Villegas &amp; Villegas","robots":{"index":"index","follow":"follow","max-snippet":"max-snippet:-1","max-image-preview":"max-image-preview:large","max-video-preview":"max-video-preview:-1"},"canonical":"http:\/\/villegasyvillegas.com.mx\/en\/equipo\/","og_locale":"en_US","og_type":"article","og_title":"Equipo - Villegas &amp; Villegas","og_description":"Nuestro Equipo En Villegas &amp; Villegas buscamos el mejor desarrollo profesional de nuestra gente, mientras aseguramos un ambiente de responsabilidad y \u00e9tica, lo cual contribuye a brindar el mejor servicio para nuestros clientes\u00a0\u00a0 Guillermo Villegas de la Vega Socio. Contador P\u00fablico Certificado Egresado del Tecnol\u00f3gico de Monterrey, cuenta con 40 a\u00f1os de experiencia liderando la [&hellip;]","og_url":"http:\/\/villegasyvillegas.com.mx\/en\/equipo\/","og_site_name":"Villegas &amp; Villegas","article_modified_time":"2022-11-04T21:10:25+00:00","og_image":[{"url":"http:\/\/villegasyvillegas.com.mx\/wp-content\/uploads\/2020\/06\/Guillermo-Villegas-de-la-Vega-.jpg"}],"twitter_card":"summary_large_image","twitter_misc":{"Est. reading time":"2 minutes"},"schema":{"@context":"https:\/\/schema.org","@graph":[{"@type":"WebSite","@id":"http:\/\/villegasyvillegas.com.mx\/es_mx\/#website","url":"http:\/\/villegasyvillegas.com.mx\/es_mx\/","name":"Villegas &amp; Villegas","description":"Villegas &amp; Villegas","potentialAction":[{"@type":"SearchAction","target":{"@type":"EntryPoint","urlTemplate":"http:\/\/villegasyvillegas.com.mx\/es_mx\/?s={search_term_string}"},"query-input":"required name=search_term_string"}],"inLanguage":"en-US"},{"@type":"ImageObject","@id":"http:\/\/villegasyvillegas.com.mx\/en\/equipo\/#primaryimage","inLanguage":"en-US","url":"http:\/\/villegasyvillegas.com.mx\/wp-content\/uploads\/2020\/06\/Guillermo-Villegas-de-la-Vega-.jpg","contentUrl":"http:\/\/villegasyvillegas.com.mx\/wp-content\/uploads\/2020\/06\/Guillermo-Villegas-de-la-Vega-.jpg","width":570,"height":572},{"@type":"WebPage","@id":"http:\/\/villegasyvillegas.com.mx\/en\/equipo\/#webpage","url":"http:\/\/villegasyvillegas.com.mx\/en\/equipo\/","name":"Equipo - Villegas &amp; Villegas","isPartOf":{"@id":"http:\/\/villegasyvillegas.com.mx\/es_mx\/#website"},"primaryImageOfPage":{"@id":"http:\/\/villegasyvillegas.com.mx\/en\/equipo\/#primaryimage"},"datePublished":"2021-10-05T14:57:10+00:00","dateModified":"2022-11-04T21:10:25+00:00","breadcrumb":{"@id":"http:\/\/villegasyvillegas.com.mx\/en\/equipo\/#breadcrumb"},"inLanguage":"en-US","potentialAction":[{"@type":"ReadAction","target":["http:\/\/villegasyvillegas.com.mx\/en\/equipo\/"]}]},{"@type":"BreadcrumbList","@id":"http:\/\/villegasyvillegas.com.mx\/en\/equipo\/#breadcrumb","itemListElement":[{"@type":"ListItem","position":1,"name":"Home","item":"http:\/\/villegasyvillegas.com.mx\/es_mx\/"},{"@type":"ListItem","position":2,"name":"Equipo"}]}]}},"_links":{"self":[{"href":"http:\/\/villegasyvillegas.com.mx\/en\/wp-json\/wp\/v2\/pages\/1058"}],"collection":[{"href":"http:\/\/villegasyvillegas.com.mx\/en\/wp-json\/wp\/v2\/pages"}],"about":[{"href":"http:\/\/villegasyvillegas.com.mx\/en\/wp-json\/wp\/v2\/types\/page"}],"author":[{"embeddable":true,"href":"http:\/\/villegasyvillegas.com.mx\/en\/wp-json\/wp\/v2\/users\/2"}],"replies":[{"embeddable":true,"href":"http:\/\/villegasyvillegas.com.mx\/en\/wp-json\/wp\/v2\/comments?post=1058"}],"version-history":[{"count":7,"href":"http:\/\/villegasyvillegas.com.mx\/en\/wp-json\/wp\/v2\/pages\/1058\/revisions"}],"predecessor-version":[{"id":1179,"href":"http:\/\/villegasyvillegas.com.mx\/en\/wp-json\/wp\/v2\/pages\/1058\/revisions\/1179"}],"wp:attachment":[{"href":"http:\/\/villegasyvillegas.com.mx\/en\/wp-json\/wp\/v2\/media?parent=1058"}],"curies":[{"name":"wp","href":"https:\/\/api.w.org\/{rel}","templated":true}]}}