{"id":1040,"date":"2021-10-05T00:08:52","date_gmt":"2021-10-05T00:08:52","guid":{"rendered":"https:\/\/villegasyvillegas.com.mx\/?page_id=1040"},"modified":"2022-09-01T17:03:15","modified_gmt":"2022-09-01T17:03:15","slug":"servicios","status":"publish","type":"page","link":"http:\/\/villegasyvillegas.com.mx\/es_mx\/servicios\/","title":{"rendered":"Servicios"},"content":{"rendered":"\t\t<div data-elementor-type=\"wp-page\" data-elementor-id=\"1040\" class=\"elementor elementor-1040\" data-elementor-settings=\"[]\">\n\t\t\t\t\t\t<div class=\"elementor-inner\">\n\t\t\t\t\t\t\t<div class=\"elementor-section-wrap\">\n\t\t\t\t\t\t\t<section class=\"elementor-section elementor-top-section elementor-element elementor-element-f4b317a elementor-section-boxed elementor-section-height-default elementor-section-height-default\" data-id=\"f4b317a\" data-element_type=\"section\" data-settings=\"{&quot;background_background&quot;:&quot;classic&quot;}\">\n\t\t\t\t\t\t<div class=\"elementor-container elementor-column-gap-default\">\n\t\t\t\t\t\t\t<div class=\"elementor-row\">\n\t\t\t\t\t<div class=\"elementor-column elementor-col-100 elementor-top-column elementor-element elementor-element-487f7f5\" data-id=\"487f7f5\" data-element_type=\"column\">\n\t\t\t<div class=\"elementor-column-wrap elementor-element-populated\">\n\t\t\t\t\t\t\t<div class=\"elementor-widget-wrap\">\n\t\t\t\t\t\t<div class=\"elementor-element elementor-element-f5f5d00 elementor-widget elementor-widget-heading\" data-id=\"f5f5d00\" data-element_type=\"widget\" data-widget_type=\"heading.default\">\n\t\t\t\t<div class=\"elementor-widget-container\">\n\t\t\t<h2 class=\"elementor-heading-title elementor-size-default\">Nuestros Servicios<\/h2>\t\t<\/div>\n\t\t\t\t<\/div>\n\t\t\t\t<div class=\"elementor-element elementor-element-1ab6ebc elementor-widget elementor-widget-text-editor\" data-id=\"1ab6ebc\" data-element_type=\"widget\" data-widget_type=\"text-editor.default\">\n\t\t\t\t<div class=\"elementor-widget-container\">\n\t\t\t\t\t\t\t\t<div class=\"elementor-text-editor elementor-clearfix\">\n\t\t\t\t<h4 style=\"clear: both; font-weight: 500; margin: 10px 0px; color: #333333; font-size: 18px; line-height: 1.1; letter-spacing: normal; text-align: start; background-color: #fafafa;\">Auditor\u00eda de Estados Financieros<\/h4><p style=\"margin-bottom: 10px; line-height: 1.5em; color: #333333; font-size: 14px; letter-spacing: normal; text-align: start; background-color: #fafafa;\">Nuestros servicios de auditor\u00eda proporcionan un punto de vista externo e independiente acerca de las pr\u00e1cticas contables, administrativas y operativas, proporcion\u00e1ndole un dictamen acompa\u00f1ado de los riesgos implicados del negocio, que promuevan la transparencia de los registros contables y proporcionando las herramientas e informaci\u00f3n necesarias para la toma de decisiones.<\/p><p style=\"margin-bottom: 10px; line-height: 1.5em; color: #333333; font-size: 14px; letter-spacing: normal; text-align: start; background-color: #fafafa;\">Nuestros servicios de auditor\u00eda financiera poseen un enfoque integrado a todo el ciclo global de las empresas, buscando el mayor apego a las Normas de Auditoria Generalmente Aceptadas, y siguiendo la normatividad contable aplicada por la compa\u00f1\u00eda.<\/p><p style=\"margin-bottom: 10px; line-height: 1.5em; color: #333333; font-size: 14px; letter-spacing: normal; text-align: start; background-color: #fafafa;\"><span style=\"font-weight: bold;\">El alcance de nuestros servicios de auditoria incluye:<\/span><\/p><ul style=\"margin-bottom: 10px; margin-left: 20px; color: #333333; font-size: 14px; letter-spacing: normal; text-align: start; background-color: #fafafa;\"><li>Auditor\u00eda de Estados Financieros<\/li><li>Auditor\u00eda Fiscal<\/li><li>Auditor\u00eda Interna<\/li><\/ul><h4 style=\"clear: both; font-weight: 500; margin: 10px 0px; color: #333333; font-size: 18px; line-height: 1.1; letter-spacing: normal; text-align: start; background-color: #fafafa;\">Servicios Fiscales<\/h4><p style=\"margin-bottom: 10px; line-height: 1.5em; color: #333333; font-size: 14px; letter-spacing: normal; text-align: start; background-color: #fafafa;\">Nuestro equipo de Asesor\u00eda Fiscal se encarga de desarrollar e implementar soluciones personalizadas de acuerdo a las necesidades de cada tipo de cliente, ya sea para contribuyentes nacionales como extranjeros con operaciones dentro y fuera del territorio mexicano.<\/p><p style=\"margin-bottom: 10px; line-height: 1.5em; color: #333333; font-size: 14px; letter-spacing: normal; text-align: start; background-color: #fafafa;\">Nuestros servicios de asesor\u00eda fiscal abarcan todas las empresas dentro de los distintos sectores del mercado y que se encuentran formalmente constituidas e inscritas ante la autoridad fiscal, para demostrar transparencia total en sus operaciones, a trav\u00e9s de una asesor\u00eda integral para el cumplimiento de sus obligaciones tributarias, asegurando una situaci\u00f3n fiscal \u00f3ptima.<\/p><p style=\"margin-bottom: 10px; line-height: 1.5em; color: #333333; font-size: 14px; letter-spacing: normal; text-align: start; background-color: #fafafa;\">Los\u00a0<span style=\"font-weight: bold;\">servicios especializados en impuestos\u00a0<\/span>se agrupan en las siguientes \u00e1reas funcionales:<\/p><ul style=\"margin-bottom: 10px; margin-left: 20px; color: #333333; font-size: 14px; letter-spacing: normal; text-align: start; background-color: #fafafa;\"><li>Impuestos corporativos y de personas f\u00edsicas<\/li><li>Cuotas de Seguro Social y las dem\u00e1s obligaciones laborales<\/li><li>Contribuciones Locales<\/li><li>Cumplimiento nacional e internacional<\/li><li>Precios de Transferencia y planeaci\u00f3n fiscal internacional<\/li><\/ul><h4 style=\"clear: both; font-weight: 500; margin: 10px 0px; color: #333333; font-size: 18px; line-height: 1.1; letter-spacing: normal; text-align: start; background-color: #fafafa;\">Contabilidad<\/h4><p style=\"margin-bottom: 10px; line-height: 1.5em; color: #333333; font-size: 14px; letter-spacing: normal; text-align: start; background-color: #fafafa;\">Nuestros servicios contables parten de ofrecer a los negocios el correcto registro de sus operaciones para la emisi\u00f3n de estados financieros y atender varias necesidades. Derivado de esto, nuestros servicios contables se especializan en lo siguiente:<\/p><ul style=\"margin-bottom: 10px; margin-left: 20px; color: #333333; font-size: 14px; letter-spacing: normal; text-align: start; background-color: #fafafa;\"><li>Registro de diario en un sistema contable de alto nivel<\/li><li>Emisi\u00f3n de estados financieros de acuerdo a las necesidades del negocio<\/li><li>An\u00e1lisis e interpretaci\u00f3n de operaciones, as\u00ed como revisiones dentro del ciclo operativo del negocio para asegurar la correcta clasificaci\u00f3n contable en sus sistemas.<\/li><\/ul><div><h4 style=\"clear: both; font-weight: 500; margin: 10px 0px; color: #333333; font-size: 18px; line-height: 1.1; letter-spacing: normal; text-align: start; background-color: #fafafa;\">BackOffice<\/h4><p class=\"p1\">Nuestro equipo de BackOffice tiene la funci\u00f3n de atender las necesidades administrativas de nuestros clientes. Se busca la mejora de la gesti\u00f3n interna de las organizaciones enfoc\u00e1ndonos en lo siguiente:\u00a0<\/p><\/div><ul><li class=\"li1\">Facturaci\u00f3n: Manteni\u00e9ndonos al d\u00eda y apeg\u00e1ndonos a las normas establecidas por el SAT<\/li><li class=\"li1\">Manejo de cuentas bancarias digitales: Manejo de tokens operativos para eficientizar los pagos a proveedores.<\/li><li class=\"li1\">Gesti\u00f3n de documentos tales como: informaci\u00f3n de colaboradores, documentos legales, informaci\u00f3n de la empresa, etc.<\/li><li class=\"li1\">Contacto con proveedores: Nos comprometemos a llevar una relaci\u00f3n profesional y daremos prioridad a los requerimientos nuevos que puedan solicitarse.<span class=\"Apple-converted-space\">\u00a0<\/span><\/li><li class=\"li1\">Mejora continua de tareas: Buscamos no solo cumplir con las metas indicadas sino tambi\u00e9n eficientizar las actividades diarias de las organizaciones.<span class=\"Apple-converted-space\">\u00a0<\/span><\/li><li class=\"li1\">Tr\u00e1mites especiales: El gestionar la documentaci\u00f3n de la empresa nos permite encargarnos cuando se requiera sacar un tramite solicitado por un cliente, proveedor o el gobierno.<\/li><\/ul>\t\t\t\t\t<\/div>\n\t\t\t\t\t\t<\/div>\n\t\t\t\t<\/div>\n\t\t\t\t\t\t<\/div>\n\t\t\t\t\t<\/div>\n\t\t<\/div>\n\t\t\t\t\t\t\t\t<\/div>\n\t\t\t\t\t<\/div>\n\t\t<\/section>\n\t\t\t\t\t\t<\/div>\n\t\t\t\t\t\t<\/div>\n\t\t\t\t\t<\/div>\n\t\t","protected":false},"excerpt":{"rendered":"<p>Nuestros Servicios Auditor\u00eda de Estados Financieros Nuestros servicios de auditor\u00eda proporcionan un punto de vista externo e independiente acerca de las pr\u00e1cticas contables, administrativas y operativas, proporcion\u00e1ndole un dictamen acompa\u00f1ado de los riesgos implicados del negocio, que promuevan la transparencia de los registros contables y proporcionando las herramientas e informaci\u00f3n necesarias para la toma de [&hellip;]<\/p>\n","protected":false},"author":2,"featured_media":0,"parent":0,"menu_order":0,"comment_status":"closed","ping_status":"closed","template":"elementor_header_footer","meta":{"spay_email":""},"yoast_head":"<!-- This site is optimized with the Yoast SEO plugin v17.4 - https:\/\/yoast.com\/wordpress\/plugins\/seo\/ -->\n<title>Servicios - Villegas &amp; Villegas<\/title>\n<meta name=\"robots\" content=\"index, follow, max-snippet:-1, max-image-preview:large, max-video-preview:-1\" \/>\n<link rel=\"canonical\" href=\"http:\/\/villegasyvillegas.com.mx\/es_mx\/servicios\/\" \/>\n<meta property=\"og:locale\" content=\"es_MX\" \/>\n<meta property=\"og:type\" content=\"article\" \/>\n<meta property=\"og:title\" content=\"Servicios - Villegas &amp; Villegas\" \/>\n<meta property=\"og:description\" content=\"Nuestros Servicios Auditor\u00eda de Estados Financieros Nuestros servicios de auditor\u00eda proporcionan un punto de vista externo e independiente acerca de las pr\u00e1cticas contables, administrativas y operativas, proporcion\u00e1ndole un dictamen acompa\u00f1ado de los riesgos implicados del negocio, que promuevan la transparencia de los registros contables y proporcionando las herramientas e informaci\u00f3n necesarias para la toma de [&hellip;]\" \/>\n<meta property=\"og:url\" content=\"http:\/\/villegasyvillegas.com.mx\/es_mx\/servicios\/\" \/>\n<meta property=\"og:site_name\" content=\"Villegas &amp; Villegas\" \/>\n<meta property=\"article:modified_time\" content=\"2022-09-01T17:03:15+00:00\" \/>\n<meta name=\"twitter:card\" content=\"summary_large_image\" \/>\n<meta name=\"twitter:label1\" content=\"Tiempo de lectura\" \/>\n\t<meta name=\"twitter:data1\" content=\"3 minutos\" \/>\n<script type=\"application\/ld+json\" class=\"yoast-schema-graph\">{\"@context\":\"https:\/\/schema.org\",\"@graph\":[{\"@type\":\"WebSite\",\"@id\":\"https:\/\/villegasyvillegas.com.mx\/es_mx\/#website\",\"url\":\"https:\/\/villegasyvillegas.com.mx\/es_mx\/\",\"name\":\"Villegas &amp; Villegas\",\"description\":\"Villegas &amp; Villegas\",\"potentialAction\":[{\"@type\":\"SearchAction\",\"target\":{\"@type\":\"EntryPoint\",\"urlTemplate\":\"https:\/\/villegasyvillegas.com.mx\/es_mx\/?s={search_term_string}\"},\"query-input\":\"required name=search_term_string\"}],\"inLanguage\":\"es-MX\"},{\"@type\":\"WebPage\",\"@id\":\"http:\/\/villegasyvillegas.com.mx\/es_mx\/servicios\/#webpage\",\"url\":\"http:\/\/villegasyvillegas.com.mx\/es_mx\/servicios\/\",\"name\":\"Servicios - Villegas &amp; Villegas\",\"isPartOf\":{\"@id\":\"https:\/\/villegasyvillegas.com.mx\/es_mx\/#website\"},\"datePublished\":\"2021-10-05T00:08:52+00:00\",\"dateModified\":\"2022-09-01T17:03:15+00:00\",\"breadcrumb\":{\"@id\":\"http:\/\/villegasyvillegas.com.mx\/es_mx\/servicios\/#breadcrumb\"},\"inLanguage\":\"es-MX\",\"potentialAction\":[{\"@type\":\"ReadAction\",\"target\":[\"http:\/\/villegasyvillegas.com.mx\/es_mx\/servicios\/\"]}]},{\"@type\":\"BreadcrumbList\",\"@id\":\"http:\/\/villegasyvillegas.com.mx\/es_mx\/servicios\/#breadcrumb\",\"itemListElement\":[{\"@type\":\"ListItem\",\"position\":1,\"name\":\"Home\",\"item\":\"https:\/\/villegasyvillegas.com.mx\/es_mx\/\"},{\"@type\":\"ListItem\",\"position\":2,\"name\":\"Servicios\"}]}]}<\/script>\n<!-- \/ Yoast SEO plugin. -->","yoast_head_json":{"title":"Servicios - Villegas &amp; Villegas","robots":{"index":"index","follow":"follow","max-snippet":"max-snippet:-1","max-image-preview":"max-image-preview:large","max-video-preview":"max-video-preview:-1"},"canonical":"http:\/\/villegasyvillegas.com.mx\/es_mx\/servicios\/","og_locale":"es_MX","og_type":"article","og_title":"Servicios - Villegas &amp; Villegas","og_description":"Nuestros Servicios Auditor\u00eda de Estados Financieros Nuestros servicios de auditor\u00eda proporcionan un punto de vista externo e independiente acerca de las pr\u00e1cticas contables, administrativas y operativas, proporcion\u00e1ndole un dictamen acompa\u00f1ado de los riesgos implicados del negocio, que promuevan la transparencia de los registros contables y proporcionando las herramientas e informaci\u00f3n necesarias para la toma de [&hellip;]","og_url":"http:\/\/villegasyvillegas.com.mx\/es_mx\/servicios\/","og_site_name":"Villegas &amp; Villegas","article_modified_time":"2022-09-01T17:03:15+00:00","twitter_card":"summary_large_image","twitter_misc":{"Tiempo de lectura":"3 minutos"},"schema":{"@context":"https:\/\/schema.org","@graph":[{"@type":"WebSite","@id":"https:\/\/villegasyvillegas.com.mx\/es_mx\/#website","url":"https:\/\/villegasyvillegas.com.mx\/es_mx\/","name":"Villegas &amp; Villegas","description":"Villegas &amp; Villegas","potentialAction":[{"@type":"SearchAction","target":{"@type":"EntryPoint","urlTemplate":"https:\/\/villegasyvillegas.com.mx\/es_mx\/?s={search_term_string}"},"query-input":"required name=search_term_string"}],"inLanguage":"es-MX"},{"@type":"WebPage","@id":"http:\/\/villegasyvillegas.com.mx\/es_mx\/servicios\/#webpage","url":"http:\/\/villegasyvillegas.com.mx\/es_mx\/servicios\/","name":"Servicios - Villegas &amp; Villegas","isPartOf":{"@id":"https:\/\/villegasyvillegas.com.mx\/es_mx\/#website"},"datePublished":"2021-10-05T00:08:52+00:00","dateModified":"2022-09-01T17:03:15+00:00","breadcrumb":{"@id":"http:\/\/villegasyvillegas.com.mx\/es_mx\/servicios\/#breadcrumb"},"inLanguage":"es-MX","potentialAction":[{"@type":"ReadAction","target":["http:\/\/villegasyvillegas.com.mx\/es_mx\/servicios\/"]}]},{"@type":"BreadcrumbList","@id":"http:\/\/villegasyvillegas.com.mx\/es_mx\/servicios\/#breadcrumb","itemListElement":[{"@type":"ListItem","position":1,"name":"Home","item":"https:\/\/villegasyvillegas.com.mx\/es_mx\/"},{"@type":"ListItem","position":2,"name":"Servicios"}]}]}},"_links":{"self":[{"href":"http:\/\/villegasyvillegas.com.mx\/es_mx\/wp-json\/wp\/v2\/pages\/1040"}],"collection":[{"href":"http:\/\/villegasyvillegas.com.mx\/es_mx\/wp-json\/wp\/v2\/pages"}],"about":[{"href":"http:\/\/villegasyvillegas.com.mx\/es_mx\/wp-json\/wp\/v2\/types\/page"}],"author":[{"embeddable":true,"href":"http:\/\/villegasyvillegas.com.mx\/es_mx\/wp-json\/wp\/v2\/users\/2"}],"replies":[{"embeddable":true,"href":"http:\/\/villegasyvillegas.com.mx\/es_mx\/wp-json\/wp\/v2\/comments?post=1040"}],"version-history":[{"count":10,"href":"http:\/\/villegasyvillegas.com.mx\/es_mx\/wp-json\/wp\/v2\/pages\/1040\/revisions"}],"predecessor-version":[{"id":1172,"href":"http:\/\/villegasyvillegas.com.mx\/es_mx\/wp-json\/wp\/v2\/pages\/1040\/revisions\/1172"}],"wp:attachment":[{"href":"http:\/\/villegasyvillegas.com.mx\/es_mx\/wp-json\/wp\/v2\/media?parent=1040"}],"curies":[{"name":"wp","href":"https:\/\/api.w.org\/{rel}","templated":true}]}}