{"id":1097,"date":"2021-10-05T15:27:48","date_gmt":"2021-10-05T15:27:48","guid":{"rendered":"http:\/\/villegasyvillegas.com.mx\/?page_id=1097"},"modified":"2021-10-22T17:42:15","modified_gmt":"2021-10-22T17:42:15","slug":"auditoria-de-estados-financieros","status":"publish","type":"page","link":"https:\/\/villegasyvillegas.com.mx\/es_mx\/auditoria-de-estados-financieros\/","title":{"rendered":"Auditor\u00eda de Estados Financieros"},"content":{"rendered":"<h2>Auditor\u00eda de Estados Financieros<\/h2>\n<p>Nuestros servicios de auditor\u00eda proporcionan un punto de vista externo e independiente acerca de las pr\u00e1cticas contables, administrativas y operativas, proporcion\u00e1ndole un dictamen acompa\u00f1ado de los riesgos implicados del negocio, que promuevan la transparencia de los registros contables y proporcionando las herramientas e informaci\u00f3n necesarias para la toma de decisiones.<\/p>\n<p>Nuestros servicios de auditor\u00eda financiera poseen un enfoque integrado a todo el ciclo global de las empresas, buscando el mayor apego a las Normas de Auditoria Generalmente Aceptadas, y siguiendo la normatividad contable aplicada por la compa\u00f1\u00eda.<\/p>\n<p><strong>El alcance de nuestros servicios de auditoria incluye:<\/strong><\/p>\n<ul>\n<li>Auditor\u00eda de Estados Financieros<\/li>\n<li>Auditor\u00eda Fiscal<\/li>\n<li>Auditor\u00eda Interna<\/li>\n<\/ul>\n","protected":false},"excerpt":{"rendered":"<p>Auditor\u00eda de Estados Financieros Nuestros servicios de auditor\u00eda proporcionan un punto de vista externo e independiente acerca de las pr\u00e1cticas contables, administrativas y operativas, proporcion\u00e1ndole un dictamen acompa\u00f1ado de los riesgos implicados del negocio, que promuevan la transparencia de los registros contables y proporcionando las herramientas e informaci\u00f3n necesarias para la toma de decisiones. Nuestros [&hellip;]<\/p>\n","protected":false},"author":2,"featured_media":0,"parent":0,"menu_order":0,"comment_status":"closed","ping_status":"closed","template":"elementor_header_footer","meta":{"spay_email":""},"yoast_head":"<!-- This site is optimized with the Yoast SEO plugin v17.4 - https:\/\/yoast.com\/wordpress\/plugins\/seo\/ -->\n<title>Auditor\u00eda de Estados Financieros - Villegas &amp; Villegas<\/title>\n<meta name=\"robots\" content=\"index, follow, max-snippet:-1, max-image-preview:large, max-video-preview:-1\" \/>\n<link rel=\"canonical\" href=\"http:\/\/villegasyvillegas.com.mx\/es_mx\/auditoria-de-estados-financieros\/\" \/>\n<meta property=\"og:locale\" content=\"es_MX\" \/>\n<meta property=\"og:type\" content=\"article\" \/>\n<meta property=\"og:title\" content=\"Auditor\u00eda de Estados Financieros - Villegas &amp; Villegas\" \/>\n<meta property=\"og:description\" content=\"Auditor\u00eda de Estados Financieros Nuestros servicios de auditor\u00eda proporcionan un punto de vista externo e independiente acerca de las pr\u00e1cticas contables, administrativas y operativas, proporcion\u00e1ndole un dictamen acompa\u00f1ado de los riesgos implicados del negocio, que promuevan la transparencia de los registros contables y proporcionando las herramientas e informaci\u00f3n necesarias para la toma de decisiones. Nuestros [&hellip;]\" \/>\n<meta property=\"og:url\" content=\"http:\/\/villegasyvillegas.com.mx\/es_mx\/auditoria-de-estados-financieros\/\" \/>\n<meta property=\"og:site_name\" content=\"Villegas &amp; Villegas\" \/>\n<meta property=\"article:modified_time\" content=\"2021-10-22T17:42:15+00:00\" \/>\n<meta name=\"twitter:card\" content=\"summary_large_image\" \/>\n<meta name=\"twitter:label1\" content=\"Tiempo de lectura\" \/>\n\t<meta name=\"twitter:data1\" content=\"1 minuto\" \/>\n<script type=\"application\/ld+json\" class=\"yoast-schema-graph\">{\"@context\":\"https:\/\/schema.org\",\"@graph\":[{\"@type\":\"WebSite\",\"@id\":\"https:\/\/villegasyvillegas.com.mx\/es_mx\/#website\",\"url\":\"https:\/\/villegasyvillegas.com.mx\/es_mx\/\",\"name\":\"Villegas &amp; Villegas\",\"description\":\"Villegas &amp; Villegas\",\"potentialAction\":[{\"@type\":\"SearchAction\",\"target\":{\"@type\":\"EntryPoint\",\"urlTemplate\":\"https:\/\/villegasyvillegas.com.mx\/es_mx\/?s={search_term_string}\"},\"query-input\":\"required name=search_term_string\"}],\"inLanguage\":\"es-MX\"},{\"@type\":\"WebPage\",\"@id\":\"http:\/\/villegasyvillegas.com.mx\/en\/auditoria-de-estados-financieros\/#webpage\",\"url\":\"http:\/\/villegasyvillegas.com.mx\/en\/auditoria-de-estados-financieros\/\",\"name\":\"Auditor\\u00eda de Estados Financieros - Villegas &amp; Villegas\",\"isPartOf\":{\"@id\":\"https:\/\/villegasyvillegas.com.mx\/es_mx\/#website\"},\"datePublished\":\"2021-10-05T15:27:48+00:00\",\"dateModified\":\"2021-10-22T17:42:15+00:00\",\"breadcrumb\":{\"@id\":\"http:\/\/villegasyvillegas.com.mx\/en\/auditoria-de-estados-financieros\/#breadcrumb\"},\"inLanguage\":\"es-MX\",\"potentialAction\":[{\"@type\":\"ReadAction\",\"target\":[\"http:\/\/villegasyvillegas.com.mx\/en\/auditoria-de-estados-financieros\/\"]}]},{\"@type\":\"BreadcrumbList\",\"@id\":\"http:\/\/villegasyvillegas.com.mx\/en\/auditoria-de-estados-financieros\/#breadcrumb\",\"itemListElement\":[{\"@type\":\"ListItem\",\"position\":1,\"name\":\"Home\",\"item\":\"https:\/\/villegasyvillegas.com.mx\/es_mx\/\"},{\"@type\":\"ListItem\",\"position\":2,\"name\":\"Auditor\\u00eda de Estados Financieros\"}]}]}<\/script>\n<!-- \/ Yoast SEO plugin. -->","yoast_head_json":{"title":"Auditor\u00eda de Estados Financieros - Villegas &amp; Villegas","robots":{"index":"index","follow":"follow","max-snippet":"max-snippet:-1","max-image-preview":"max-image-preview:large","max-video-preview":"max-video-preview:-1"},"canonical":"http:\/\/villegasyvillegas.com.mx\/es_mx\/auditoria-de-estados-financieros\/","og_locale":"es_MX","og_type":"article","og_title":"Auditor\u00eda de Estados Financieros - Villegas &amp; Villegas","og_description":"Auditor\u00eda de Estados Financieros Nuestros servicios de auditor\u00eda proporcionan un punto de vista externo e independiente acerca de las pr\u00e1cticas contables, administrativas y operativas, proporcion\u00e1ndole un dictamen acompa\u00f1ado de los riesgos implicados del negocio, que promuevan la transparencia de los registros contables y proporcionando las herramientas e informaci\u00f3n necesarias para la toma de decisiones. Nuestros [&hellip;]","og_url":"http:\/\/villegasyvillegas.com.mx\/es_mx\/auditoria-de-estados-financieros\/","og_site_name":"Villegas &amp; Villegas","article_modified_time":"2021-10-22T17:42:15+00:00","twitter_card":"summary_large_image","twitter_misc":{"Tiempo de lectura":"1 minuto"},"schema":{"@context":"https:\/\/schema.org","@graph":[{"@type":"WebSite","@id":"https:\/\/villegasyvillegas.com.mx\/es_mx\/#website","url":"https:\/\/villegasyvillegas.com.mx\/es_mx\/","name":"Villegas &amp; Villegas","description":"Villegas &amp; Villegas","potentialAction":[{"@type":"SearchAction","target":{"@type":"EntryPoint","urlTemplate":"https:\/\/villegasyvillegas.com.mx\/es_mx\/?s={search_term_string}"},"query-input":"required name=search_term_string"}],"inLanguage":"es-MX"},{"@type":"WebPage","@id":"http:\/\/villegasyvillegas.com.mx\/en\/auditoria-de-estados-financieros\/#webpage","url":"http:\/\/villegasyvillegas.com.mx\/en\/auditoria-de-estados-financieros\/","name":"Auditor\u00eda de Estados Financieros - Villegas &amp; Villegas","isPartOf":{"@id":"https:\/\/villegasyvillegas.com.mx\/es_mx\/#website"},"datePublished":"2021-10-05T15:27:48+00:00","dateModified":"2021-10-22T17:42:15+00:00","breadcrumb":{"@id":"http:\/\/villegasyvillegas.com.mx\/en\/auditoria-de-estados-financieros\/#breadcrumb"},"inLanguage":"es-MX","potentialAction":[{"@type":"ReadAction","target":["http:\/\/villegasyvillegas.com.mx\/en\/auditoria-de-estados-financieros\/"]}]},{"@type":"BreadcrumbList","@id":"http:\/\/villegasyvillegas.com.mx\/en\/auditoria-de-estados-financieros\/#breadcrumb","itemListElement":[{"@type":"ListItem","position":1,"name":"Home","item":"https:\/\/villegasyvillegas.com.mx\/es_mx\/"},{"@type":"ListItem","position":2,"name":"Auditor\u00eda de Estados Financieros"}]}]}},"_links":{"self":[{"href":"https:\/\/villegasyvillegas.com.mx\/es_mx\/wp-json\/wp\/v2\/pages\/1097"}],"collection":[{"href":"https:\/\/villegasyvillegas.com.mx\/es_mx\/wp-json\/wp\/v2\/pages"}],"about":[{"href":"https:\/\/villegasyvillegas.com.mx\/es_mx\/wp-json\/wp\/v2\/types\/page"}],"author":[{"embeddable":true,"href":"https:\/\/villegasyvillegas.com.mx\/es_mx\/wp-json\/wp\/v2\/users\/2"}],"replies":[{"embeddable":true,"href":"https:\/\/villegasyvillegas.com.mx\/es_mx\/wp-json\/wp\/v2\/comments?post=1097"}],"version-history":[{"count":5,"href":"https:\/\/villegasyvillegas.com.mx\/es_mx\/wp-json\/wp\/v2\/pages\/1097\/revisions"}],"predecessor-version":[{"id":1149,"href":"https:\/\/villegasyvillegas.com.mx\/es_mx\/wp-json\/wp\/v2\/pages\/1097\/revisions\/1149"}],"wp:attachment":[{"href":"https:\/\/villegasyvillegas.com.mx\/es_mx\/wp-json\/wp\/v2\/media?parent=1097"}],"curies":[{"name":"wp","href":"https:\/\/api.w.org\/{rel}","templated":true}]}}