{"id":1108,"date":"2021-10-05T15:31:52","date_gmt":"2021-10-05T15:31:52","guid":{"rendered":"http:\/\/villegasyvillegas.com.mx\/?page_id=1108"},"modified":"2021-10-05T15:32:27","modified_gmt":"2021-10-05T15:32:27","slug":"servicios-fiscales","status":"publish","type":"page","link":"https:\/\/villegasyvillegas.com.mx\/es_mx\/servicios-fiscales\/","title":{"rendered":"Servicios Fiscales"},"content":{"rendered":"\t\t<div data-elementor-type=\"wp-page\" data-elementor-id=\"1108\" class=\"elementor elementor-1108\" data-elementor-settings=\"[]\">\n\t\t\t\t\t\t<div class=\"elementor-inner\">\n\t\t\t\t\t\t\t<div class=\"elementor-section-wrap\">\n\t\t\t\t\t\t\t<section class=\"elementor-section elementor-top-section elementor-element elementor-element-18cf92f elementor-section-boxed elementor-section-height-default elementor-section-height-default\" data-id=\"18cf92f\" data-element_type=\"section\" data-settings=\"{&quot;background_background&quot;:&quot;classic&quot;}\">\n\t\t\t\t\t\t<div class=\"elementor-container elementor-column-gap-default\">\n\t\t\t\t\t\t\t<div class=\"elementor-row\">\n\t\t\t\t\t<div class=\"elementor-column elementor-col-100 elementor-top-column elementor-element elementor-element-7c69dbc\" data-id=\"7c69dbc\" data-element_type=\"column\">\n\t\t\t<div class=\"elementor-column-wrap elementor-element-populated\">\n\t\t\t\t\t\t\t<div class=\"elementor-widget-wrap\">\n\t\t\t\t\t\t<div class=\"elementor-element elementor-element-2efe589 elementor-widget elementor-widget-heading\" data-id=\"2efe589\" data-element_type=\"widget\" data-widget_type=\"heading.default\">\n\t\t\t\t<div class=\"elementor-widget-container\">\n\t\t\t<h2 class=\"elementor-heading-title elementor-size-default\">Servicios Fiscales<\/h2>\t\t<\/div>\n\t\t\t\t<\/div>\n\t\t\t\t<div class=\"elementor-element elementor-element-5d94ea1 elementor-widget elementor-widget-text-editor\" data-id=\"5d94ea1\" data-element_type=\"widget\" data-widget_type=\"text-editor.default\">\n\t\t\t\t<div class=\"elementor-widget-container\">\n\t\t\t\t\t\t\t\t<div class=\"elementor-text-editor elementor-clearfix\">\n\t\t\t\t<p>Nuestro equipo de Asesor\u00eda Fiscal se encarga de desarrollar e implementar soluciones personalizadas de acuerdo a las necesidades de cada tipo de cliente, ya sea para contribuyentes nacionales como extranjeros con operaciones dentro y fuera del territorio mexicano.<\/p><p>Nuestros servicios de asesor\u00eda fiscal abarcan todas las empresas dentro de los distintos sectores del mercado y que se encuentran formalmente constituidas e inscritas ante la autoridad fiscal, para demostrar transparencia total en sus operaciones, a trav\u00e9s de una asesor\u00eda integral para el cumplimiento de sus obligaciones tributarias, asegurando una situaci\u00f3n fiscal \u00f3ptima.<\/p><p>Los\u00a0<strong>servicios especializados en impuestos\u00a0<\/strong>se agrupan en las siguientes \u00e1reas funcionales:<\/p><ul><li>Impuestos corporativos y de personas f\u00edsicas<\/li><li>Cuotas de Seguro Social y las dem\u00e1s obligaciones laborales<\/li><li>Contribuciones Locales<\/li><li>Cumplimiento nacional e internacional<\/li><li>Precios de Transferencia y planeaci\u00f3n fiscal internacional<\/li><\/ul>\t\t\t\t\t<\/div>\n\t\t\t\t\t\t<\/div>\n\t\t\t\t<\/div>\n\t\t\t\t\t\t<\/div>\n\t\t\t\t\t<\/div>\n\t\t<\/div>\n\t\t\t\t\t\t\t\t<\/div>\n\t\t\t\t\t<\/div>\n\t\t<\/section>\n\t\t\t\t\t\t<\/div>\n\t\t\t\t\t\t<\/div>\n\t\t\t\t\t<\/div>\n\t\t","protected":false},"excerpt":{"rendered":"<p>Servicios Fiscales Nuestro equipo de Asesor\u00eda Fiscal se encarga de desarrollar e implementar soluciones personalizadas de acuerdo a las necesidades de cada tipo de cliente, ya sea para contribuyentes nacionales como extranjeros con operaciones dentro y fuera del territorio mexicano. Nuestros servicios de asesor\u00eda fiscal abarcan todas las empresas dentro de los distintos sectores del [&hellip;]<\/p>\n","protected":false},"author":2,"featured_media":0,"parent":0,"menu_order":0,"comment_status":"closed","ping_status":"closed","template":"elementor_header_footer","meta":{"spay_email":""},"yoast_head":"<!-- This site is optimized with the Yoast SEO plugin v17.4 - https:\/\/yoast.com\/wordpress\/plugins\/seo\/ -->\n<title>Servicios Fiscales - Villegas &amp; Villegas<\/title>\n<meta name=\"robots\" content=\"index, follow, max-snippet:-1, max-image-preview:large, max-video-preview:-1\" \/>\n<link rel=\"canonical\" href=\"http:\/\/villegasyvillegas.com.mx\/es_mx\/servicios-fiscales\/\" \/>\n<meta property=\"og:locale\" content=\"es_MX\" \/>\n<meta property=\"og:type\" content=\"article\" \/>\n<meta property=\"og:title\" content=\"Servicios Fiscales - Villegas &amp; Villegas\" \/>\n<meta property=\"og:description\" content=\"Servicios Fiscales Nuestro equipo de Asesor\u00eda Fiscal se encarga de desarrollar e implementar soluciones personalizadas de acuerdo a las necesidades de cada tipo de cliente, ya sea para contribuyentes nacionales como extranjeros con operaciones dentro y fuera del territorio mexicano. Nuestros servicios de asesor\u00eda fiscal abarcan todas las empresas dentro de los distintos sectores del [&hellip;]\" \/>\n<meta property=\"og:url\" content=\"http:\/\/villegasyvillegas.com.mx\/es_mx\/servicios-fiscales\/\" \/>\n<meta property=\"og:site_name\" content=\"Villegas &amp; Villegas\" \/>\n<meta property=\"article:modified_time\" content=\"2021-10-05T15:32:27+00:00\" \/>\n<meta name=\"twitter:card\" content=\"summary_large_image\" \/>\n<meta name=\"twitter:label1\" content=\"Tiempo de lectura\" \/>\n\t<meta name=\"twitter:data1\" content=\"1 minuto\" \/>\n<script type=\"application\/ld+json\" class=\"yoast-schema-graph\">{\"@context\":\"https:\/\/schema.org\",\"@graph\":[{\"@type\":\"WebSite\",\"@id\":\"https:\/\/villegasyvillegas.com.mx\/es_mx\/#website\",\"url\":\"https:\/\/villegasyvillegas.com.mx\/es_mx\/\",\"name\":\"Villegas &amp; Villegas\",\"description\":\"Villegas &amp; Villegas\",\"potentialAction\":[{\"@type\":\"SearchAction\",\"target\":{\"@type\":\"EntryPoint\",\"urlTemplate\":\"https:\/\/villegasyvillegas.com.mx\/es_mx\/?s={search_term_string}\"},\"query-input\":\"required name=search_term_string\"}],\"inLanguage\":\"es-MX\"},{\"@type\":\"WebPage\",\"@id\":\"http:\/\/villegasyvillegas.com.mx\/es_mx\/servicios-fiscales\/#webpage\",\"url\":\"http:\/\/villegasyvillegas.com.mx\/es_mx\/servicios-fiscales\/\",\"name\":\"Servicios Fiscales - Villegas &amp; Villegas\",\"isPartOf\":{\"@id\":\"https:\/\/villegasyvillegas.com.mx\/es_mx\/#website\"},\"datePublished\":\"2021-10-05T15:31:52+00:00\",\"dateModified\":\"2021-10-05T15:32:27+00:00\",\"breadcrumb\":{\"@id\":\"http:\/\/villegasyvillegas.com.mx\/es_mx\/servicios-fiscales\/#breadcrumb\"},\"inLanguage\":\"es-MX\",\"potentialAction\":[{\"@type\":\"ReadAction\",\"target\":[\"http:\/\/villegasyvillegas.com.mx\/es_mx\/servicios-fiscales\/\"]}]},{\"@type\":\"BreadcrumbList\",\"@id\":\"http:\/\/villegasyvillegas.com.mx\/es_mx\/servicios-fiscales\/#breadcrumb\",\"itemListElement\":[{\"@type\":\"ListItem\",\"position\":1,\"name\":\"Home\",\"item\":\"https:\/\/villegasyvillegas.com.mx\/es_mx\/\"},{\"@type\":\"ListItem\",\"position\":2,\"name\":\"Servicios Fiscales\"}]}]}<\/script>\n<!-- \/ Yoast SEO plugin. -->","yoast_head_json":{"title":"Servicios Fiscales - Villegas &amp; Villegas","robots":{"index":"index","follow":"follow","max-snippet":"max-snippet:-1","max-image-preview":"max-image-preview:large","max-video-preview":"max-video-preview:-1"},"canonical":"http:\/\/villegasyvillegas.com.mx\/es_mx\/servicios-fiscales\/","og_locale":"es_MX","og_type":"article","og_title":"Servicios Fiscales - Villegas &amp; Villegas","og_description":"Servicios Fiscales Nuestro equipo de Asesor\u00eda Fiscal se encarga de desarrollar e implementar soluciones personalizadas de acuerdo a las necesidades de cada tipo de cliente, ya sea para contribuyentes nacionales como extranjeros con operaciones dentro y fuera del territorio mexicano. Nuestros servicios de asesor\u00eda fiscal abarcan todas las empresas dentro de los distintos sectores del [&hellip;]","og_url":"http:\/\/villegasyvillegas.com.mx\/es_mx\/servicios-fiscales\/","og_site_name":"Villegas &amp; Villegas","article_modified_time":"2021-10-05T15:32:27+00:00","twitter_card":"summary_large_image","twitter_misc":{"Tiempo de lectura":"1 minuto"},"schema":{"@context":"https:\/\/schema.org","@graph":[{"@type":"WebSite","@id":"https:\/\/villegasyvillegas.com.mx\/es_mx\/#website","url":"https:\/\/villegasyvillegas.com.mx\/es_mx\/","name":"Villegas &amp; Villegas","description":"Villegas &amp; Villegas","potentialAction":[{"@type":"SearchAction","target":{"@type":"EntryPoint","urlTemplate":"https:\/\/villegasyvillegas.com.mx\/es_mx\/?s={search_term_string}"},"query-input":"required name=search_term_string"}],"inLanguage":"es-MX"},{"@type":"WebPage","@id":"http:\/\/villegasyvillegas.com.mx\/es_mx\/servicios-fiscales\/#webpage","url":"http:\/\/villegasyvillegas.com.mx\/es_mx\/servicios-fiscales\/","name":"Servicios Fiscales - Villegas &amp; Villegas","isPartOf":{"@id":"https:\/\/villegasyvillegas.com.mx\/es_mx\/#website"},"datePublished":"2021-10-05T15:31:52+00:00","dateModified":"2021-10-05T15:32:27+00:00","breadcrumb":{"@id":"http:\/\/villegasyvillegas.com.mx\/es_mx\/servicios-fiscales\/#breadcrumb"},"inLanguage":"es-MX","potentialAction":[{"@type":"ReadAction","target":["http:\/\/villegasyvillegas.com.mx\/es_mx\/servicios-fiscales\/"]}]},{"@type":"BreadcrumbList","@id":"http:\/\/villegasyvillegas.com.mx\/es_mx\/servicios-fiscales\/#breadcrumb","itemListElement":[{"@type":"ListItem","position":1,"name":"Home","item":"https:\/\/villegasyvillegas.com.mx\/es_mx\/"},{"@type":"ListItem","position":2,"name":"Servicios Fiscales"}]}]}},"_links":{"self":[{"href":"https:\/\/villegasyvillegas.com.mx\/es_mx\/wp-json\/wp\/v2\/pages\/1108"}],"collection":[{"href":"https:\/\/villegasyvillegas.com.mx\/es_mx\/wp-json\/wp\/v2\/pages"}],"about":[{"href":"https:\/\/villegasyvillegas.com.mx\/es_mx\/wp-json\/wp\/v2\/types\/page"}],"author":[{"embeddable":true,"href":"https:\/\/villegasyvillegas.com.mx\/es_mx\/wp-json\/wp\/v2\/users\/2"}],"replies":[{"embeddable":true,"href":"https:\/\/villegasyvillegas.com.mx\/es_mx\/wp-json\/wp\/v2\/comments?post=1108"}],"version-history":[{"count":4,"href":"https:\/\/villegasyvillegas.com.mx\/es_mx\/wp-json\/wp\/v2\/pages\/1108\/revisions"}],"predecessor-version":[{"id":1112,"href":"https:\/\/villegasyvillegas.com.mx\/es_mx\/wp-json\/wp\/v2\/pages\/1108\/revisions\/1112"}],"wp:attachment":[{"href":"https:\/\/villegasyvillegas.com.mx\/es_mx\/wp-json\/wp\/v2\/media?parent=1108"}],"curies":[{"name":"wp","href":"https:\/\/api.w.org\/{rel}","templated":true}]}}